{"id":228,"date":"2022-03-23T14:31:24","date_gmt":"2022-03-23T14:31:24","guid":{"rendered":"https:\/\/eurospeleoart.eu\/?page_id=228"},"modified":"2022-04-05T12:03:16","modified_gmt":"2022-04-05T12:03:16","slug":"duo-rachel-et-mario-rachel-monnat-mario-leuenberger","status":"publish","type":"page","link":"https:\/\/eurospeleoart.eu\/?page_id=228","title":{"rendered":"Duo Rachel et Mario &#8211; Rachel Monnat, Mario Leuenberger"},"content":{"rendered":"\n<p><strong><em>Switzerland<\/em><\/strong><\/p>\n\n\n\n<p><em>Rachel Monnat<\/em><\/p>\n\n\n\n<p>N\u00e9e dans une famille de musicien, elle chante et joue de Ia fl\u00fbte \u00e0 bec depuis son plus jeune \u00e2ge. Apr\u00e8s avoir \u00e9tudi\u00e9 et exerc\u00e9 comme infirmi\u00e8re, Rachel quitte sa profession apr\u00e8s six ans de pratique pour travailler comme mod\u00e8le d&#8217;art avant de s&#8217;investir dans le th\u00e9\u00e2tre o\u00f9 elle \u00e9crit et joue deux <em>Seuls<\/em> <em>en sc\u00e8n<\/em>e m\u00ealant texte, chant et danse sur des sujets qui Iui tiennent a coeur : Ia nudit\u00e9 et la sexualit\u00e9. Elle traite ces sujets avec naturel. Ensuite, elle reprend ses th\u00e8mes pour \u00e9crire deux livres, un roman autour de Ia mod\u00e8le d&#8217;art, <em>L&#8217;intouchable nudit\u00e9<\/em>, et une autobiographie autour de Ia sexualit\u00e9, <em>Un jour, j&#8217;ai jailli<\/em>, qui sont publi\u00e9s en 2021 chez Accrosens \u00e9ditions.<\/p>\n\n\n\n<p><em>Mario Leuenberger<\/em><\/p>\n\n\n\n<p>N\u00e9 \u00e0 la ferme dans une famille de musiciens. Apr\u00e8s avoir travaill\u00e9 dans le tourisme, il retourne au domaine et cr\u00e9e, avec deux autres families, <em>l&#8217;Association Broquet-Leuenberger<\/em>. Mario privil\u00e9gie une agriculture proche de la nature, cr\u00e9e des produits du terroir et accueille les clients dans l&#8217;exploitation.  Apr\u00e8s avoir jou\u00e9 de deux instruments de cuivre, le baryton et la basse, il adopte le cor des Alpes en 1999 et dirige l&#8217;ensemble <em>L&#8217;\u00c9cho du Vorbourg<\/em> depuis 13 ans. Parall\u00e8lement, Mario anime des soir\u00e9es en tant que musicien et animateur.<\/p>\n\n\n\n<p><em>Duo Rachel et Mario<\/em><\/p>\n\n\n\n<p>Rachel et Mario se rencontrent en octobre 2020 : c&#8217;est le coup de foudre musical. Un cor des Alpes, une chanteuse&#8230; il n&#8217;y a pas de r\u00e9pertoire ! Ils allient leur don de cr\u00e9ation et leur originalit\u00e9 pour harmoniser et jouer des airs.<\/p>\n\n\n\n<p>Ils reprennent des chants traditionnels, mais aussi du gr\u00e9gorien, de l&#8217;opera, des chants marins, de Ia chanson, du blues&#8230;<\/p>\n\n\n\n<p>Rachel et Mario ajoutent de Ia danse, de Ia fl\u00fbte \u00e0 bec, du conque, du djemb\u00e9, du toupin&#8230; Ils ouvrent les horizons.<\/p>\n\n\n\n<p>Ils aiment jouer dans des lieux naturels, \u00e9tant proches de la nature, de la simplicit\u00e9. Le duo se produit au bord d&#8217;un \u00e9tang, sur une montagne, dans Ia neige pour valoriser et prendre conscience de Ia majest\u00e9 de la nature. Rachel faisant partie du <em>Groupe speleo Porrentruy (GSP)<\/em>, l&#8217;id\u00e9e est venue de jouer dans les grottes.<\/p>\n\n\n\n<p>Le cor des Alpes, tout comme Ia fl\u00fbte \u00e0 bec, sont des instruments naturels, en bois, sans piston. Dans les \u00e9glises ou les grottes, on peut jouer avec simplicit\u00e9, sans amplification&#8230; d&#8217;un simple bout de bois et de son corps, pour faire r\u00e9sonner les voix.<\/p>\n\n\n\n<p>Website: <a rel=\"noreferrer noopener\" href=\"https:\/\/www.accrosens.com\/duo-rachel-et-mario.html\" data-type=\"URL\" data-id=\"https:\/\/www.accrosens.com\/duo-rachel-et-mario.html\" target=\"_blank\">Duo Rachel et Mario<\/a><\/p>\n\n\n\n<figure class=\"wp-block-embed is-type-video is-provider-youtube wp-block-embed-youtube wp-embed-aspect-16-9 wp-has-aspect-ratio\"><div class=\"wp-block-embed__wrapper\">\n<iframe loading=\"lazy\" title=\"Duo Rachel et Mario : Voix des Alpes sous terre\" width=\"616\" height=\"347\" src=\"https:\/\/www.youtube.com\/embed\/AAn_etnFX38?feature=oembed\" frameborder=\"0\" allow=\"accelerometer; autoplay; clipboard-write; encrypted-media; gyroscope; picture-in-picture; web-share\" referrerpolicy=\"strict-origin-when-cross-origin\" allowfullscreen><\/iframe>\n<\/div><figcaption><strong><em>Voix des Alpes sous terre<\/em><\/strong><\/figcaption><\/figure>\n\n\n\n<p>Extrait de 6:27 min, 16-11-2021<\/p>\n\n\n\n<p>Website: <a rel=\"noreferrer noopener\" href=\"https:\/\/speleoporrentruy.ch\/duo-rachel-et-mario-dans-les-grottes-de-milandre\/\" data-type=\"URL\" data-id=\"https:\/\/speleoporrentruy.ch\/duo-rachel-et-mario-dans-les-grottes-de-milandre\/\" target=\"_blank\">Duo Rachel et Mario \u00e0 Milandre<\/a><\/p>\n","protected":false},"excerpt":{"rendered":"<p>Switzerland Rachel Monnat N\u00e9e dans une famille de musicien, elle chante et joue de Ia fl\u00fbte \u00e0 bec depuis son plus jeune \u00e2ge. Apr\u00e8s avoir \u00e9tudi\u00e9 et exerc\u00e9 comme infirmi\u00e8re, Rachel quitte sa profession apr\u00e8s six ans de pratique pour travailler comme mod\u00e8le d&#8217;art avant de s&#8217;investir dans le th\u00e9\u00e2tre o\u00f9 elle \u00e9crit et joue [&hellip;]<\/p>\n","protected":false},"author":1,"featured_media":0,"parent":87,"menu_order":0,"comment_status":"closed","ping_status":"closed","template":"","meta":{"footnotes":""},"class_list":["post-228","page","type-page","status-publish","hentry"],"_links":{"self":[{"href":"https:\/\/eurospeleoart.eu\/index.php?rest_route=\/wp\/v2\/pages\/228","targetHints":{"allow":["GET"]}}],"collection":[{"href":"https:\/\/eurospeleoart.eu\/index.php?rest_route=\/wp\/v2\/pages"}],"about":[{"href":"https:\/\/eurospeleoart.eu\/index.php?rest_route=\/wp\/v2\/types\/page"}],"author":[{"embeddable":true,"href":"https:\/\/eurospeleoart.eu\/index.php?rest_route=\/wp\/v2\/users\/1"}],"replies":[{"embeddable":true,"href":"https:\/\/eurospeleoart.eu\/index.php?rest_route=%2Fwp%2Fv2%2Fcomments&post=228"}],"version-history":[{"count":12,"href":"https:\/\/eurospeleoart.eu\/index.php?rest_route=\/wp\/v2\/pages\/228\/revisions"}],"predecessor-version":[{"id":991,"href":"https:\/\/eurospeleoart.eu\/index.php?rest_route=\/wp\/v2\/pages\/228\/revisions\/991"}],"up":[{"embeddable":true,"href":"https:\/\/eurospeleoart.eu\/index.php?rest_route=\/wp\/v2\/pages\/87"}],"wp:attachment":[{"href":"https:\/\/eurospeleoart.eu\/index.php?rest_route=%2Fwp%2Fv2%2Fmedia&parent=228"}],"curies":[{"name":"wp","href":"https:\/\/api.w.org\/{rel}","templated":true}]}}