{"id":477,"date":"2022-03-24T20:54:46","date_gmt":"2022-03-24T20:54:46","guid":{"rendered":"https:\/\/eurospeleoart.eu\/?page_id=477"},"modified":"2022-04-05T11:11:22","modified_gmt":"2022-04-05T11:11:22","slug":"radwan-lucja","status":"publish","type":"page","link":"https:\/\/eurospeleoart.eu\/?page_id=477","title":{"rendered":"Radwan, Lucja"},"content":{"rendered":"\n<p><strong><em>Austria<\/em><\/strong><\/p>\n\n\n\n<p>Lucja Radwan, (born 1951) is a Polish-Austrian painter based in Gols, Burgenland. Daughter of Upper Austrian Jozefa Radwan, n\u00e9e Scheichl, and Tadeusz Radwan from Poland.1975 to 1999 living in Vienna. Since 2000 living in Gols, Burgenland.<\/p>\n\n\n\n<p><strong><u>Artist profile<\/u><\/strong><\/p>\n\n\n\n<p>I use various painting techniques in my works. At first I concentrated on watercolors, over time I began to work with acrylic as well, which has been with me until this point in time. For a long time, however, oil painting has been the dominant field of my artistic work. The majority of my current works are large format pictures [160&#215;210, 160&#215;420, 160&#215;630}. In them I reflect inspirations that come from natural, mainly cave and rock motifs (SpeleoArt). However, the Speleo symbolism is usually torn out of its context, giving it meaning in its own right. The frequently registered reception of my works is the impression of the animation or even the personification of the naturally static and inorganic forms. It is not a rare impression to deal with the virginity of areas which, in a certain sense, experience their first appearance. Other associations revealed include infinity, metamorphosis, and familiar horror. The already mentioned light as well as the perspective deliberately plays an essential role in my paintings. Their role is to strengthen the transmission of the senses. Perhaps this is why some reviewers find my paintings overwhelming in some difficult-to-describe way that compels the attention, or even a reaction, no longer of the viewer but rather of the participant in the encounter with the form. The majority of my works do not have a title ascribed to them &#8211; it is about the liberation of the observer from the associations close by the artist. It is also about the liberation of the painting itself from the determination of its message by the conditions and emotions prevailing at the moment of its birth.<\/p>\n\n\n\n<p><strong><u>Memberships<\/u><\/strong><\/p>\n\n\n\n<p>Austrian Professional Artists Association Schloss Sch\u00f6nbrunn-Vienna.<\/p>\n\n\n\n<p>Association for Speleology Seibersdorf<\/p>\n\n\n\n<p>Verwertungsgesellschaft (Bildrecht GmbH)<\/p>\n\n\n\n<p><strong>Prizes and distinctions:<\/strong><\/p>\n\n\n\n<p>2000 The NSS Speleo Art Salon in Elkins, West Virginia, USA: Place and 2. Place for abstract SpeleoArt &#8211; painting<\/p>\n\n\n\n<p>2001 The NSS Speleo Art Salon in Mount Vernon Kentucky, USA: Place and 2. Place for abstract SpeleoArt \u2014 painting<\/p>\n\n\n\n<p><strong><u>Selection of solo exhibitions<\/u><\/strong><\/p>\n\n\n\n<p>One of the first exhibitions as part of the cultural capital of P\u00e9cs, in the House of Arts and Literature, P\u00e9cs, Hungary (M\u0171lv\u00e9szetek \u00e9s Irodalom H\u00e1za) <\/p>\n\n\n\n<p>Anniversary exhibition 30 years of exhibition activity, Atelier-Gols<\/p>\n\n\n\n<p>Artwork of the month Landesgalerie Eisenstadt<\/p>\n\n\n\n<p>&#8220;Sublime and beautiful&#8221; exhibition, Cultural center Obersch\u00fctzen<\/p>\n\n\n\n<p>&#8220;Captured Beauty&#8221; exhibition, Geologica Museum, Warsaw, Poland<\/p>\n\n\n\n<p><strong>Participation in exhibitions (selection):<\/strong><\/p>\n\n\n\n<p>International Speleo Art Exhibition, La Chaux-De-Fonds, Switzerland , Speleo Art Sewanee, Tennessee, USA , Speleo Art Rockampton, Queensland, Australia, Speleo Art, Idaho, USA , Speleo Art, Elkins, USA , Speleo Art, Bathurst, NSW, Australia, Speleo Art, Mount Vernon Kentucky,<\/p>\n\n\n\n<p>Kulturama Schloss Tollet explores the underground as part of the &#8220;Caves &amp; Earth Stables&#8221; exhibition.<\/p>\n\n\n\n<p>Website: <a rel=\"noreferrer noopener\" href=\"http:\/\/radwan.gallery\/en\/home\/\" data-type=\"URL\" data-id=\"http:\/\/radwan.gallery\/en\/home\/\" target=\"_blank\">Lucja Radwan<\/a><\/p>\n\n\n\n<figure class=\"wp-block-image size-large is-resized\"><a href=\"https:\/\/eurospeleoart.eu\/wp-content\/uploads\/2022\/03\/Radwan_Lucja_1.jpg\" target=\"_blank\" rel=\"noopener\"><img loading=\"lazy\" decoding=\"async\" src=\"https:\/\/eurospeleoart.eu\/wp-content\/uploads\/2022\/03\/Radwan_Lucja_1-1024x710.jpg\" alt=\"\" class=\"wp-image-485\" width=\"427\" height=\"296\" srcset=\"https:\/\/eurospeleoart.eu\/wp-content\/uploads\/2022\/03\/Radwan_Lucja_1-1024x710.jpg 1024w, https:\/\/eurospeleoart.eu\/wp-content\/uploads\/2022\/03\/Radwan_Lucja_1-300x208.jpg 300w, https:\/\/eurospeleoart.eu\/wp-content\/uploads\/2022\/03\/Radwan_Lucja_1-768x532.jpg 768w, https:\/\/eurospeleoart.eu\/wp-content\/uploads\/2022\/03\/Radwan_Lucja_1-1536x1065.jpg 1536w, https:\/\/eurospeleoart.eu\/wp-content\/uploads\/2022\/03\/Radwan_Lucja_1-816x566.jpg 816w, https:\/\/eurospeleoart.eu\/wp-content\/uploads\/2022\/03\/Radwan_Lucja_1.jpg 1597w\" sizes=\"auto, (max-width: 427px) 100vw, 427px\" \/><\/a><figcaption><strong><em>Punkevn\u00ed jeskyn\u011b, Czech Republic<\/em><\/strong><\/figcaption><\/figure>\n\n\n\n<p>Ink on paper, 100 x 70, 2022<\/p>\n\n\n\n<figure class=\"wp-block-image size-large is-resized\"><a href=\"https:\/\/eurospeleoart.eu\/wp-content\/uploads\/2022\/03\/Radwan_Lucja_2.jpg\" target=\"_blank\" rel=\"noopener\"><img loading=\"lazy\" decoding=\"async\" src=\"https:\/\/eurospeleoart.eu\/wp-content\/uploads\/2022\/03\/Radwan_Lucja_2-1024x719.jpg\" alt=\"\" class=\"wp-image-484\" width=\"425\" height=\"298\" srcset=\"https:\/\/eurospeleoart.eu\/wp-content\/uploads\/2022\/03\/Radwan_Lucja_2-1024x719.jpg 1024w, https:\/\/eurospeleoart.eu\/wp-content\/uploads\/2022\/03\/Radwan_Lucja_2-300x211.jpg 300w, https:\/\/eurospeleoart.eu\/wp-content\/uploads\/2022\/03\/Radwan_Lucja_2-768x539.jpg 768w, https:\/\/eurospeleoart.eu\/wp-content\/uploads\/2022\/03\/Radwan_Lucja_2-1536x1079.jpg 1536w, https:\/\/eurospeleoart.eu\/wp-content\/uploads\/2022\/03\/Radwan_Lucja_2-816x573.jpg 816w, https:\/\/eurospeleoart.eu\/wp-content\/uploads\/2022\/03\/Radwan_Lucja_2.jpg 1875w\" sizes=\"auto, (max-width: 425px) 100vw, 425px\" \/><\/a><figcaption><strong><em>Lurgrotte Semriach, Austria<\/em><\/strong><\/figcaption><\/figure>\n\n\n\n<p>Ink on paper, 100  x 70 , 2020<\/p>\n\n\n\n<figure class=\"wp-block-image size-large is-resized\"><a href=\"https:\/\/eurospeleoart.eu\/wp-content\/uploads\/2022\/03\/Radwan_Lucja_3.jpg\" target=\"_blank\" rel=\"noopener\"><img loading=\"lazy\" decoding=\"async\" src=\"https:\/\/eurospeleoart.eu\/wp-content\/uploads\/2022\/03\/Radwan_Lucja_3-1024x734.jpg\" alt=\"\" class=\"wp-image-483\" width=\"425\" height=\"304\" srcset=\"https:\/\/eurospeleoart.eu\/wp-content\/uploads\/2022\/03\/Radwan_Lucja_3-1024x734.jpg 1024w, https:\/\/eurospeleoart.eu\/wp-content\/uploads\/2022\/03\/Radwan_Lucja_3-300x215.jpg 300w, https:\/\/eurospeleoart.eu\/wp-content\/uploads\/2022\/03\/Radwan_Lucja_3-768x551.jpg 768w, https:\/\/eurospeleoart.eu\/wp-content\/uploads\/2022\/03\/Radwan_Lucja_3-1536x1102.jpg 1536w, https:\/\/eurospeleoart.eu\/wp-content\/uploads\/2022\/03\/Radwan_Lucja_3-816x585.jpg 816w, https:\/\/eurospeleoart.eu\/wp-content\/uploads\/2022\/03\/Radwan_Lucja_3.jpg 1892w\" sizes=\"auto, (max-width: 425px) 100vw, 425px\" \/><\/a><\/figure>\n\n\n\n<p>Acrylic on paper, 140 x 100, 2022<\/p>\n\n\n\n<p>In my pictures I want to bring the subterranean beauty closer to the viewer.<\/p>\n","protected":false},"excerpt":{"rendered":"<p>Austria Lucja Radwan, (born 1951) is a Polish-Austrian painter based in Gols, Burgenland. Daughter of Upper Austrian Jozefa Radwan, n\u00e9e Scheichl, and Tadeusz Radwan from Poland.1975 to 1999 living in Vienna. Since 2000 living in Gols, Burgenland. Artist profile I use various painting techniques in my works. At first I concentrated on watercolors, over time [&hellip;]<\/p>\n","protected":false},"author":1,"featured_media":0,"parent":78,"menu_order":0,"comment_status":"closed","ping_status":"closed","template":"","meta":{"footnotes":""},"class_list":["post-477","page","type-page","status-publish","hentry"],"_links":{"self":[{"href":"https:\/\/eurospeleoart.eu\/index.php?rest_route=\/wp\/v2\/pages\/477","targetHints":{"allow":["GET"]}}],"collection":[{"href":"https:\/\/eurospeleoart.eu\/index.php?rest_route=\/wp\/v2\/pages"}],"about":[{"href":"https:\/\/eurospeleoart.eu\/index.php?rest_route=\/wp\/v2\/types\/page"}],"author":[{"embeddable":true,"href":"https:\/\/eurospeleoart.eu\/index.php?rest_route=\/wp\/v2\/users\/1"}],"replies":[{"embeddable":true,"href":"https:\/\/eurospeleoart.eu\/index.php?rest_route=%2Fwp%2Fv2%2Fcomments&post=477"}],"version-history":[{"count":12,"href":"https:\/\/eurospeleoart.eu\/index.php?rest_route=\/wp\/v2\/pages\/477\/revisions"}],"predecessor-version":[{"id":965,"href":"https:\/\/eurospeleoart.eu\/index.php?rest_route=\/wp\/v2\/pages\/477\/revisions\/965"}],"up":[{"embeddable":true,"href":"https:\/\/eurospeleoart.eu\/index.php?rest_route=\/wp\/v2\/pages\/78"}],"wp:attachment":[{"href":"https:\/\/eurospeleoart.eu\/index.php?rest_route=%2Fwp%2Fv2%2Fmedia&parent=477"}],"curies":[{"name":"wp","href":"https:\/\/api.w.org\/{rel}","templated":true}]}}