{"id":494,"date":"2022-03-27T11:27:42","date_gmt":"2022-03-27T11:27:42","guid":{"rendered":"https:\/\/eurospeleoart.eu\/?page_id=494"},"modified":"2022-04-05T11:28:25","modified_gmt":"2022-04-05T11:28:25","slug":"bakovic-slavenka","status":"publish","type":"page","link":"https:\/\/eurospeleoart.eu\/?page_id=494","title":{"rendered":"Bakovic\u0301, Slavenka"},"content":{"rendered":"\n<p><strong><em>Croatia<\/em><\/strong><\/p>\n\n\n\n<p>I live and work in Zagreb, Croatia. An economist by profession, turned to<br>ceramics and exploring ceramics more intensively since 2009. Acquired<br>knowledge in ceramics and ceramic techniques from the artist prof. Mirjana<br>Rajkovic. Attended a series of specialist workshops and seminars run by<br>Croatian and world famous ceramic experts: Lidia Bo\u0161evski, Danijela Pi\u010duljan,<br>\u010cazim Mehmeti- Croatia, Mami Kato-Japan, Heide Nonnenmacher -Germany,<br>Roberto Aiudi -Italy.<br><\/p>\n\n\n\n<p>Taking part of an international art workshops and symposiums , since 2011:<br>Festa raku -Rijeka, Symposium at Art centar -Je\u0161kovo, firing anagama -Atelier<br>Janj agora in Lika, Buongiorno Ceramica\/Goodmorning Ceramics, Matress week,<br>Festa raku di Nove -Italy, ByFire -Zagreb.<br>Projects: Potters for Aleppo, More Clay Less Plastic, Expo, Water- Fluid of<br>life&#8221; at Plitvice Lakes and aquarium Aquatika -Karlovac, Ambiental installation<br>,,Granule&#8221; at Botanical garden Zagreb and Floraart-Jarun Lake (group of<br>ceramists won lst prize for creativity), Bon Art project 2020, Beyond the<br>Borders&#8221;, Outdoor ambiental installation 5 t ART near Zagreb.<br>Exhibited at more than 50 (30 juried) group exhibitions at home an\u0111 abroad.<br>Received award and special recognition.<br>Member of Experimental ceramic workshop POU Zagreb and Croatian<br>CeramicAssociation- HKU Kerameikon \/ group member of IAC, Geneva<br>(cultural partnership related to UNESCO).<\/p>\n\n\n\n<p>Facebook: <a rel=\"noreferrer noopener\" href=\"https:\/\/www.facebook.com\/profile.php?id=100006616515476\" data-type=\"URL\" data-id=\"https:\/\/www.facebook.com\/profile.php?id=100006616515476\" target=\"_blank\">Slavenka Bakovic\u0301<\/a><\/p>\n\n\n\n<figure class=\"wp-block-image size-large is-resized\"><a href=\"https:\/\/eurospeleoart.eu\/wp-content\/uploads\/2022\/03\/Bakovic\u0301_Slavenka_1-scaled.jpg\" target=\"_blank\" rel=\"noopener\"><img loading=\"lazy\" decoding=\"async\" src=\"https:\/\/eurospeleoart.eu\/wp-content\/uploads\/2022\/03\/Bakovic\u0301_Slavenka_1-1024x848.jpg\" alt=\"\" class=\"wp-image-493\" width=\"425\" height=\"352\" srcset=\"https:\/\/eurospeleoart.eu\/wp-content\/uploads\/2022\/03\/Bakovic\u0301_Slavenka_1-1024x848.jpg 1024w, https:\/\/eurospeleoart.eu\/wp-content\/uploads\/2022\/03\/Bakovic\u0301_Slavenka_1-300x248.jpg 300w, https:\/\/eurospeleoart.eu\/wp-content\/uploads\/2022\/03\/Bakovic\u0301_Slavenka_1-768x636.jpg 768w, https:\/\/eurospeleoart.eu\/wp-content\/uploads\/2022\/03\/Bakovic\u0301_Slavenka_1-1536x1271.jpg 1536w, https:\/\/eurospeleoart.eu\/wp-content\/uploads\/2022\/03\/Bakovic\u0301_Slavenka_1-2048x1695.jpg 2048w, https:\/\/eurospeleoart.eu\/wp-content\/uploads\/2022\/03\/Bakovic\u0301_Slavenka_1-816x675.jpg 816w\" sizes=\"auto, (max-width: 425px) 100vw, 425px\" \/><\/a><figcaption><strong><em>Ca Co 3<\/em><\/strong><\/figcaption><\/figure>\n\n\n\n<figure class=\"wp-block-image size-large is-resized\"><a href=\"https:\/\/eurospeleoart.eu\/wp-content\/uploads\/2022\/03\/Bakovic\u0301_Slavenka_2-scaled.jpg\" target=\"_blank\" rel=\"noopener\"><img loading=\"lazy\" decoding=\"async\" src=\"https:\/\/eurospeleoart.eu\/wp-content\/uploads\/2022\/03\/Bakovic\u0301_Slavenka_2-1024x848.jpg\" alt=\"\" class=\"wp-image-492\" width=\"425\" height=\"352\" srcset=\"https:\/\/eurospeleoart.eu\/wp-content\/uploads\/2022\/03\/Bakovic\u0301_Slavenka_2-1024x848.jpg 1024w, https:\/\/eurospeleoart.eu\/wp-content\/uploads\/2022\/03\/Bakovic\u0301_Slavenka_2-300x249.jpg 300w, https:\/\/eurospeleoart.eu\/wp-content\/uploads\/2022\/03\/Bakovic\u0301_Slavenka_2-768x636.jpg 768w, https:\/\/eurospeleoart.eu\/wp-content\/uploads\/2022\/03\/Bakovic\u0301_Slavenka_2-1536x1273.jpg 1536w, https:\/\/eurospeleoart.eu\/wp-content\/uploads\/2022\/03\/Bakovic\u0301_Slavenka_2-2048x1697.jpg 2048w, https:\/\/eurospeleoart.eu\/wp-content\/uploads\/2022\/03\/Bakovic\u0301_Slavenka_2-816x676.jpg 816w\" sizes=\"auto, (max-width: 425px) 100vw, 425px\" \/><\/a><figcaption><strong><em>Ca Co 3<\/em><\/strong><\/figcaption><\/figure>\n\n\n\n<figure class=\"wp-block-image size-large is-resized\"><a href=\"https:\/\/eurospeleoart.eu\/wp-content\/uploads\/2022\/03\/Bakovic\u0301_Slavenka_3-scaled.jpg\" target=\"_blank\" rel=\"noopener\"><img loading=\"lazy\" decoding=\"async\" src=\"https:\/\/eurospeleoart.eu\/wp-content\/uploads\/2022\/03\/Bakovic\u0301_Slavenka_3-819x1024.jpg\" alt=\"\" class=\"wp-image-491\" width=\"425\" height=\"531\" srcset=\"https:\/\/eurospeleoart.eu\/wp-content\/uploads\/2022\/03\/Bakovic\u0301_Slavenka_3-819x1024.jpg 819w, https:\/\/eurospeleoart.eu\/wp-content\/uploads\/2022\/03\/Bakovic\u0301_Slavenka_3-240x300.jpg 240w, https:\/\/eurospeleoart.eu\/wp-content\/uploads\/2022\/03\/Bakovic\u0301_Slavenka_3-768x960.jpg 768w, https:\/\/eurospeleoart.eu\/wp-content\/uploads\/2022\/03\/Bakovic\u0301_Slavenka_3-1228x1536.jpg 1228w, https:\/\/eurospeleoart.eu\/wp-content\/uploads\/2022\/03\/Bakovic\u0301_Slavenka_3-1638x2048.jpg 1638w, https:\/\/eurospeleoart.eu\/wp-content\/uploads\/2022\/03\/Bakovic\u0301_Slavenka_3-816x1020.jpg 816w, https:\/\/eurospeleoart.eu\/wp-content\/uploads\/2022\/03\/Bakovic\u0301_Slavenka_3-scaled.jpg 2047w\" sizes=\"auto, (max-width: 425px) 100vw, 425px\" \/><\/a><figcaption><strong><em>Ca Co 3<\/em><\/strong><\/figcaption><\/figure>\n\n\n\n<p>Ceramics, naked Raku clay, size: 25 x 20 x 15 cm, 2021<\/p>\n\n\n\n<p>Nature preservation and protection.<\/p>\n","protected":false},"excerpt":{"rendered":"<p>Croatia I live and work in Zagreb, Croatia. An economist by profession, turned toceramics and exploring ceramics more intensively since 2009. Acquiredknowledge in ceramics and ceramic techniques from the artist prof. MirjanaRajkovic. Attended a series of specialist workshops and seminars run byCroatian and world famous ceramic experts: Lidia Bo\u0161evski, Danijela Pi\u010duljan,\u010cazim Mehmeti- Croatia, Mami Kato-Japan, [&hellip;]<\/p>\n","protected":false},"author":1,"featured_media":0,"parent":81,"menu_order":0,"comment_status":"closed","ping_status":"closed","template":"","meta":{"footnotes":""},"class_list":["post-494","page","type-page","status-publish","hentry"],"_links":{"self":[{"href":"https:\/\/eurospeleoart.eu\/index.php?rest_route=\/wp\/v2\/pages\/494","targetHints":{"allow":["GET"]}}],"collection":[{"href":"https:\/\/eurospeleoart.eu\/index.php?rest_route=\/wp\/v2\/pages"}],"about":[{"href":"https:\/\/eurospeleoart.eu\/index.php?rest_route=\/wp\/v2\/types\/page"}],"author":[{"embeddable":true,"href":"https:\/\/eurospeleoart.eu\/index.php?rest_route=\/wp\/v2\/users\/1"}],"replies":[{"embeddable":true,"href":"https:\/\/eurospeleoart.eu\/index.php?rest_route=%2Fwp%2Fv2%2Fcomments&post=494"}],"version-history":[{"count":6,"href":"https:\/\/eurospeleoart.eu\/index.php?rest_route=\/wp\/v2\/pages\/494\/revisions"}],"predecessor-version":[{"id":976,"href":"https:\/\/eurospeleoart.eu\/index.php?rest_route=\/wp\/v2\/pages\/494\/revisions\/976"}],"up":[{"embeddable":true,"href":"https:\/\/eurospeleoart.eu\/index.php?rest_route=\/wp\/v2\/pages\/81"}],"wp:attachment":[{"href":"https:\/\/eurospeleoart.eu\/index.php?rest_route=%2Fwp%2Fv2%2Fmedia&parent=494"}],"curies":[{"name":"wp","href":"https:\/\/api.w.org\/{rel}","templated":true}]}}